{"id":955,"date":"2021-02-06T08:59:00","date_gmt":"2021-02-06T08:59:00","guid":{"rendered":"https:\/\/gc.manthra.site\/minkayasuni\/?page_id=955"},"modified":"2021-03-17T23:04:28","modified_gmt":"2021-03-17T23:04:28","slug":"libro","status":"publish","type":"page","link":"https:\/\/gc.manthra.site\/minkayasuni\/libro\/","title":{"rendered":"Libro de la Minka"},"content":{"rendered":"\n<p>La Minka Cient\u00edfica por el Yasun\u00ed ha tenido un primer resultado colectivo en formato de divulgaci\u00f3n masiva, con el libro \u00abLa explotaci\u00f3n del Yasun\u00ed en medio del derrumbe petrolero global\u00bb. Se trata de una publicaci\u00f3n que contiene en su tercera los trabajos incluidos en esta Minka de ciencias cr\u00edticas, ciencias populares y ciencias de la praxis pol\u00edtica, que confluyen para explicar por qu\u00e9 hay l\u00edmites a la explotaci\u00f3n petrolera en el Yasun\u00ed.<\/p>\n\n\n\n<p>Para enmarcarlo, hay una primera secci\u00f3n que se pone en relaci\u00f3n con el Yasun\u00ed a partir de la pandemia y en la segunda se genera una lectura nacional de las luchas antiextractivas en el pa\u00eds y las vicisitudes en esa esa escala. Para cerrar el libro, la cuarta secci\u00f3n pone horizontes de futuro post-capitalistas, feministas, antirracistas y anti-imperalistas.<\/p>\n\n\n\n<p>Es una publicaci\u00f3n disponible en PDF para libre circulaci\u00f3n, para leer, difundir y compartir:<\/p>\n\n\n\n<figure class=\"wp-block-embed-wordpress wp-block-embed is-type-wp-embed is-provider-colectivo-de-geografia-critica-de-ecuador\"><div class=\"wp-block-embed__wrapper\">\n<blockquote class=\"wp-embedded-content\" data-secret=\"RKOK9e3p8x\"><a href=\"https:\/\/geografiacriticaecuador.org\/2021\/03\/10\/libro-en-pdf-la-explotacion-del-yasuni-en-medio-del-derrumbe-petrolero-global\/\">Libro en Pdf: La explotaci\u00f3n del Yasun\u00ed en medio del derrumbe petrolero global<\/a><\/blockquote><iframe loading=\"lazy\" class=\"wp-embedded-content\" sandbox=\"allow-scripts\" security=\"restricted\" style=\"position: absolute; clip: rect(1px, 1px, 1px, 1px);\" title=\"\u00abLibro en Pdf: La explotaci\u00f3n del Yasun\u00ed en medio del derrumbe petrolero global\u00bb \u2014 Colectivo de Geograf\u00eda Cr\u00edtica de Ecuador\" src=\"https:\/\/geografiacriticaecuador.org\/2021\/03\/10\/libro-en-pdf-la-explotacion-del-yasuni-en-medio-del-derrumbe-petrolero-global\/embed\/#?secret=RKOK9e3p8x\" data-secret=\"RKOK9e3p8x\" width=\"600\" height=\"338\" frameborder=\"0\" marginwidth=\"0\" marginheight=\"0\" scrolling=\"no\"><\/iframe>\n<\/div><\/figure>\n\n\n\n<figure class=\"wp-block-image size-large\"><img loading=\"lazy\" decoding=\"async\" width=\"724\" height=\"1024\" src=\"https:\/\/gc.manthra.site\/minkayasuni\/wp-content\/uploads\/2021\/03\/PortadaLibroYasuni-724x1024.jpg\" alt=\"\" class=\"wp-image-956\" srcset=\"https:\/\/gc.manthra.site\/minkayasuni\/wp-content\/uploads\/2021\/03\/PortadaLibroYasuni-724x1024.jpg 724w, https:\/\/gc.manthra.site\/minkayasuni\/wp-content\/uploads\/2021\/03\/PortadaLibroYasuni-212x300.jpg 212w, https:\/\/gc.manthra.site\/minkayasuni\/wp-content\/uploads\/2021\/03\/PortadaLibroYasuni-768x1087.jpg 768w, https:\/\/gc.manthra.site\/minkayasuni\/wp-content\/uploads\/2021\/03\/PortadaLibroYasuni.jpg 800w\" sizes=\"auto, (max-width: 724px) 100vw, 724px\" \/><\/figure>\n","protected":false},"excerpt":{"rendered":"<p>La Minka Cient\u00edfica por el Yasun\u00ed ha tenido un primer resultado colectivo en formato de divulgaci\u00f3n masiva, con el libro \u00abLa explotaci\u00f3n del Yasun\u00ed en [&hellip;] <span class=\"read-more-link\"><a class=\"read-more\" href=\"https:\/\/gc.manthra.site\/minkayasuni\/libro\/\">Leer m\u00e1s<\/a><\/span><\/p>\n","protected":false},"author":1,"featured_media":0,"parent":0,"menu_order":0,"comment_status":"closed","ping_status":"closed","template":"","meta":{"pagelayer_contact_templates":[],"_pagelayer_content":"","footnotes":""},"class_list":["post-955","page","type-page","status-publish","hentry"],"_links":{"self":[{"href":"https:\/\/gc.manthra.site\/minkayasuni\/wp-json\/wp\/v2\/pages\/955","targetHints":{"allow":["GET"]}}],"collection":[{"href":"https:\/\/gc.manthra.site\/minkayasuni\/wp-json\/wp\/v2\/pages"}],"about":[{"href":"https:\/\/gc.manthra.site\/minkayasuni\/wp-json\/wp\/v2\/types\/page"}],"author":[{"embeddable":true,"href":"https:\/\/gc.manthra.site\/minkayasuni\/wp-json\/wp\/v2\/users\/1"}],"replies":[{"embeddable":true,"href":"https:\/\/gc.manthra.site\/minkayasuni\/wp-json\/wp\/v2\/comments?post=955"}],"version-history":[{"count":4,"href":"https:\/\/gc.manthra.site\/minkayasuni\/wp-json\/wp\/v2\/pages\/955\/revisions"}],"predecessor-version":[{"id":979,"href":"https:\/\/gc.manthra.site\/minkayasuni\/wp-json\/wp\/v2\/pages\/955\/revisions\/979"}],"wp:attachment":[{"href":"https:\/\/gc.manthra.site\/minkayasuni\/wp-json\/wp\/v2\/media?parent=955"}],"curies":[{"name":"wp","href":"https:\/\/api.w.org\/{rel}","templated":true}]}}