{"id":655,"date":"2020-04-29T01:13:17","date_gmt":"2020-04-29T01:13:17","guid":{"rendered":"https:\/\/gc.manthra.site\/minkayasuni\/?page_id=655"},"modified":"2020-05-18T14:25:42","modified_gmt":"2020-05-18T14:25:42","slug":"informes","status":"publish","type":"page","link":"https:\/\/gc.manthra.site\/minkayasuni\/informes\/","title":{"rendered":"Informes colectivos"},"content":{"rendered":"\n<p>Secci\u00f3n que contiene informes a partir de im\u00e1genes satelitales e inspecciones en campo realizados por la sociedad civil, que muestran c\u00f3mo han sido superados los l\u00edmites de la explotaci\u00f3n designados por el Ministerio del Ambiente del Ecuador.<\/p>\n\n\n\n<p> <strong>1. Informes del Colectivo de Geograf\u00eda Cr\u00edtica del Ecuador: <\/strong><\/p>\n\n\n\n<div class=\"wp-block-file\"><a href=\"https:\/\/gc.manthra.site\/minkayasuni\/wp-content\/uploads\/2020\/04\/1710-L\u00edmites-territoriales-a-la-explotaci\u00f3n-petrolera-en-Ishpingo-y-Tambococha.pdf\">L\u00edmites territoriales a la explotaci\u00f3n petrolera en Ishpingo y Tambococha, entregado a la Asamblea Nacional en Octubre de 2017. Explica la metodolog\u00eda de an\u00e1lisis de explotaci\u00f3n a partir de los EIA de Ishpingo Norte.<\/a><a href=\"https:\/\/gc.manthra.site\/minkayasuni\/wp-content\/uploads\/2020\/04\/1710-L\u00edmites-territoriales-a-la-explotaci\u00f3n-petrolera-en-Ishpingo-y-Tambococha.pdf\" class=\"wp-block-file__button\" download>Descarga<\/a><\/div>\n\n\n\n<div class=\"wp-block-file\"><a href=\"https:\/\/gc.manthra.site\/minkayasuni\/wp-content\/uploads\/2020\/04\/1811-Detener-Ishpingo-para-no-declarar-la-guerra-a-los-Pueblos-Ind\u00edgenas-en-Aislamiento.pdf\">Detener Ishpingo para no declarar la guerra a los Pueblos Ind\u00edgenas en Aislamiento, entregado a la Relatora de la ONU sobre Pueblos Ind\u00edgenas en Octubre de 2018. Explica la necesidad de tener una forma multicriterio de proteger el territorio de los PIA.<\/a><a href=\"https:\/\/gc.manthra.site\/minkayasuni\/wp-content\/uploads\/2020\/04\/1811-Detener-Ishpingo-para-no-declarar-la-guerra-a-los-Pueblos-Ind\u00edgenas-en-Aislamiento.pdf\" class=\"wp-block-file__button\" download>Descarga<\/a><\/div>\n\n\n\n<div class=\"wp-block-file\"><a href=\"https:\/\/gc.manthra.site\/minkayasuni\/wp-content\/uploads\/2020\/04\/1905-Informe-de-an\u00e1lisis-de-la-explotaci\u00f3n-territorial-por-las-actividades-petroleras.pdf\">Informe de an\u00e1lisis de la explotaci\u00f3n territorial por las actividades petroleras, entregado a la Defensor\u00eda del Pueblo en Mayo de 2019. Muestra la tecnolog\u00eda utilizada y la extrapolaci\u00f3n de datos de contaminaci\u00f3n por ruido a partir de lo visualizado en campo.<\/a><a href=\"https:\/\/gc.manthra.site\/minkayasuni\/wp-content\/uploads\/2020\/04\/1905-Informe-de-an\u00e1lisis-de-la-explotaci\u00f3n-territorial-por-las-actividades-petroleras.pdf\" class=\"wp-block-file__button\" download>Descarga<\/a><\/div>\n\n\n\n<p><strong>2. Informes de GeoYasun\u00ed:<\/strong><\/p>\n\n\n\n<p><a rel=\"noreferrer noopener\" aria-label=\"\u00bfBloque 31: sendero ecol\u00f3gico o carretera petrolera? Resultados de an\u00e1lisis satelitales. Informe completo. (se abre en una nueva pesta\u00f1a)\" href=\"http:\/\/www.geoyasuni.org\/?p=1653\" target=\"_blank\">\u00bfBloque 31: sendero ecol\u00f3gico o carretera petrolera? Resultados de an\u00e1lisis satelitales. Informe completo.<\/a> Muestra la deforestaci\u00f3n causada en la apertura de la v\u00eda en el interior del PNY, que supera los l\u00edmites establecidos por el EIA y la deforestaci\u00f3n reconocida por el MAE.<\/p>\n\n\n\n<p><a href=\"http:\/\/www.geoyasuni.org\/?page_id=1187\" target=\"_blank\" rel=\"noreferrer noopener\" aria-label=\"\u00bfEn los pr\u00f3ximos 30 a\u00f1os se puede excluir la presencia de los Tagaeri Taromenane en los Bloque 31 y ITT? (se abre en una nueva pesta\u00f1a)\">\u00bfEn los pr\u00f3ximos 30 a\u00f1os se puede excluir la presencia de los Tagaeri Taromenane en los Bloque 31 y ITT?<\/a> Explicaci\u00f3n de la mala metodolog\u00eda del Ministerio de Justicia para considerar estos bloques como ausentes de Pueblos en Aislamiento, de agosto de 2013. <\/p>\n\n\n\n<p><strong>3. Informes de Monitoring of the Andean Amazon Project (MAAP)<\/strong><\/p>\n\n\n\n<p><a rel=\"noreferrer noopener\" aria-label=\"Explotaci\u00f3n petrolera se adentra m\u00e1s en el Parque Nacional Yasun\u00ed (Ecuador).  (se abre en una nueva pesta\u00f1a)\" href=\"https:\/\/maaproject.org\/2019\/yasuni-itt\/\" target=\"_blank\">Explotaci\u00f3n petrolera se adentra m\u00e1s en el Parque Nacional Yasun\u00ed (Ecuador). <\/a>Muestra la afectaci\u00f3n por deforestaci\u00f3n y efecto de borde en noviembre de 2019.<\/p>\n\n\n\n<p><a rel=\"noreferrer noopener\" aria-label=\"Nueva carretera petrolera hacia la Zona Intangible (Yasun\u00ed) (se abre en una nueva pesta\u00f1a)\" href=\"https:\/\/maaproject.org\/2020\/itt\/\" target=\"_blank\">Nueva carretera petrolera hacia la Zona Intangible (Yasun\u00ed)<\/a>. Muestra con imagen satelital la apertura de la v\u00eda hacia Ishpingo en plena pandemia de la COVID19, en mayo de 2020.<\/p>\n\n\n\n<p><\/p>\n","protected":false},"excerpt":{"rendered":"<p>Secci\u00f3n que contiene informes a partir de im\u00e1genes satelitales e inspecciones en campo realizados por la sociedad civil, que muestran c\u00f3mo han sido superados los [&hellip;] <span class=\"read-more-link\"><a class=\"read-more\" href=\"https:\/\/gc.manthra.site\/minkayasuni\/informes\/\">Leer m\u00e1s<\/a><\/span><\/p>\n","protected":false},"author":1,"featured_media":0,"parent":0,"menu_order":0,"comment_status":"closed","ping_status":"closed","template":"","meta":{"pagelayer_contact_templates":[],"_pagelayer_content":"","footnotes":""},"class_list":["post-655","page","type-page","status-publish","hentry"],"_links":{"self":[{"href":"https:\/\/gc.manthra.site\/minkayasuni\/wp-json\/wp\/v2\/pages\/655","targetHints":{"allow":["GET"]}}],"collection":[{"href":"https:\/\/gc.manthra.site\/minkayasuni\/wp-json\/wp\/v2\/pages"}],"about":[{"href":"https:\/\/gc.manthra.site\/minkayasuni\/wp-json\/wp\/v2\/types\/page"}],"author":[{"embeddable":true,"href":"https:\/\/gc.manthra.site\/minkayasuni\/wp-json\/wp\/v2\/users\/1"}],"replies":[{"embeddable":true,"href":"https:\/\/gc.manthra.site\/minkayasuni\/wp-json\/wp\/v2\/comments?post=655"}],"version-history":[{"count":9,"href":"https:\/\/gc.manthra.site\/minkayasuni\/wp-json\/wp\/v2\/pages\/655\/revisions"}],"predecessor-version":[{"id":954,"href":"https:\/\/gc.manthra.site\/minkayasuni\/wp-json\/wp\/v2\/pages\/655\/revisions\/954"}],"wp:attachment":[{"href":"https:\/\/gc.manthra.site\/minkayasuni\/wp-json\/wp\/v2\/media?parent=655"}],"curies":[{"name":"wp","href":"https:\/\/api.w.org\/{rel}","templated":true}]}}